{"id":1249,"date":"2023-07-15T15:54:28","date_gmt":"2023-07-15T13:54:28","guid":{"rendered":"https:\/\/www.co-roasting.com\/?page_id=1249"},"modified":"2023-08-17T17:07:01","modified_gmt":"2023-08-17T15:07:01","slug":"decouvrir-les-cafes","status":"publish","type":"page","link":"https:\/\/www.co-roasting.com\/index.php\/decouvrir-les-cafes\/","title":{"rendered":"E-Boutique"},"content":{"rendered":"\t\t<div data-elementor-type=\"wp-post\" data-elementor-id=\"1249\" class=\"elementor elementor-1249\">\n\t\t\t\t\t\t<section class=\"elementor-section elementor-top-section elementor-element elementor-element-7ac9ca5 elementor-section-boxed elementor-section-height-default elementor-section-height-default\" data-id=\"7ac9ca5\" data-element_type=\"section\" data-settings=\"{&quot;background_background&quot;:&quot;classic&quot;}\">\n\t\t\t\t\t\t\t<div class=\"elementor-background-overlay\"><\/div>\n\t\t\t\t\t\t\t<div class=\"elementor-container elementor-column-gap-default\">\n\t\t\t\t\t<div class=\"elementor-column elementor-col-100 elementor-top-column elementor-element elementor-element-5c1b1d9\" data-id=\"5c1b1d9\" data-element_type=\"column\">\n\t\t\t<div class=\"elementor-widget-wrap elementor-element-populated\">\n\t\t\t\t\t\t<div class=\"elementor-element elementor-element-fcc5193 elementor-widget elementor-widget-heading\" data-id=\"fcc5193\" data-element_type=\"widget\" data-widget_type=\"heading.default\">\n\t\t\t\t<div class=\"elementor-widget-container\">\n\t\t\t\t\t<h3 class=\"elementor-heading-title elementor-size-default\">Co-Roasting\u00ae - Communaut\u00e9 Torr\u00e9faction Collaborative<\/h3>\t\t\t\t<\/div>\n\t\t\t\t<\/div>\n\t\t\t\t<div class=\"elementor-element elementor-element-d1f622e elementor-widget-divider--view-line elementor-widget elementor-widget-divider\" data-id=\"d1f622e\" data-element_type=\"widget\" data-widget_type=\"divider.default\">\n\t\t\t\t<div class=\"elementor-widget-container\">\n\t\t\t\t\t\t\t<div class=\"elementor-divider\">\n\t\t\t<span class=\"elementor-divider-separator\">\n\t\t\t\t\t\t<\/span>\n\t\t<\/div>\n\t\t\t\t\t\t<\/div>\n\t\t\t\t<\/div>\n\t\t\t\t<div class=\"elementor-element elementor-element-4a74a0c elementor-hidden-tablet elementor-hidden-mobile elementor-widget elementor-widget-heading\" data-id=\"4a74a0c\" data-element_type=\"widget\" data-widget_type=\"heading.default\">\n\t\t\t\t<div class=\"elementor-widget-container\">\n\t\t\t\t\t<h2 class=\"elementor-heading-title elementor-size-default\">e-boutique<\/h2>\t\t\t\t<\/div>\n\t\t\t\t<\/div>\n\t\t\t\t<div class=\"elementor-element elementor-element-502fbc3 elementor-hidden-desktop elementor-widget elementor-widget-heading\" data-id=\"502fbc3\" data-element_type=\"widget\" data-widget_type=\"heading.default\">\n\t\t\t\t<div class=\"elementor-widget-container\">\n\t\t\t\t\t<h3 class=\"elementor-heading-title elementor-size-default\">E-BOUTIQUE<\/h3>\t\t\t\t<\/div>\n\t\t\t\t<\/div>\n\t\t\t\t\t<\/div>\n\t\t<\/div>\n\t\t\t\t\t<\/div>\n\t\t<\/section>\n\t\t\t\t<section class=\"elementor-section elementor-top-section elementor-element elementor-element-8262e30 elementor-section-content-middle elementor-section-boxed elementor-section-height-default elementor-section-height-default\" data-id=\"8262e30\" data-element_type=\"section\">\n\t\t\t\t\t\t\t<div class=\"elementor-background-overlay\"><\/div>\n\t\t\t\t\t\t\t<div class=\"elementor-container elementor-column-gap-no\">\n\t\t\t\t\t<div class=\"elementor-column elementor-col-100 elementor-top-column elementor-element elementor-element-da6ae65\" data-id=\"da6ae65\" data-element_type=\"column\">\n\t\t\t<div class=\"elementor-widget-wrap elementor-element-populated\">\n\t\t\t\t\t\t<div class=\"elementor-element elementor-element-b0fabca elementor-hidden-tablet elementor-hidden-mobile elementor-widget elementor-widget-image-box\" data-id=\"b0fabca\" data-element_type=\"widget\" data-widget_type=\"image-box.default\">\n\t\t\t\t<div class=\"elementor-widget-container\">\n\t\t\t\t\t<div class=\"elementor-image-box-wrapper\"><div class=\"elementor-image-box-content\"><h2 class=\"elementor-image-box-title\">E-BOUTIQUE Co-Roasting\u00ae <\/h2><\/div><\/div>\t\t\t\t<\/div>\n\t\t\t\t<\/div>\n\t\t\t\t<div class=\"elementor-element elementor-element-9551936 elementor-widget-divider--view-line_text elementor-widget-divider--element-align-left elementor-hidden-tablet elementor-hidden-mobile elementor-widget elementor-widget-divider\" data-id=\"9551936\" data-element_type=\"widget\" data-widget_type=\"divider.default\">\n\t\t\t\t<div class=\"elementor-widget-container\">\n\t\t\t\t\t\t\t<div class=\"elementor-divider\">\n\t\t\t<span class=\"elementor-divider-separator\">\n\t\t\t\t\t\t<\/span>\n\t\t<\/div>\n\t\t\t\t\t\t<\/div>\n\t\t\t\t<\/div>\n\t\t\t\t\t<\/div>\n\t\t<\/div>\n\t\t\t\t\t<\/div>\n\t\t<\/section>\n\t\t\t\t<section class=\"elementor-section elementor-top-section elementor-element elementor-element-887f6a2 elementor-section-content-middle elementor-section-boxed elementor-section-height-default elementor-section-height-default\" data-id=\"887f6a2\" data-element_type=\"section\">\n\t\t\t\t\t\t\t<div class=\"elementor-background-overlay\"><\/div>\n\t\t\t\t\t\t\t<div class=\"elementor-container elementor-column-gap-no\">\n\t\t\t\t\t<div class=\"elementor-column elementor-col-100 elementor-top-column elementor-element elementor-element-9fb3053\" data-id=\"9fb3053\" data-element_type=\"column\">\n\t\t\t<div class=\"elementor-widget-wrap elementor-element-populated\">\n\t\t\t\t\t\t<div class=\"elementor-element elementor-element-d6dac58 elementor-hidden-desktop elementor-widget elementor-widget-image-box\" data-id=\"d6dac58\" data-element_type=\"widget\" data-widget_type=\"image-box.default\">\n\t\t\t\t<div class=\"elementor-widget-container\">\n\t\t\t\t\t<div class=\"elementor-image-box-wrapper\"><div class=\"elementor-image-box-content\"><h2 class=\"elementor-image-box-title\">E-BOUTIQUE <br>Co-Roasting\u00ae <\/h2><\/div><\/div>\t\t\t\t<\/div>\n\t\t\t\t<\/div>\n\t\t\t\t<div class=\"elementor-element elementor-element-1d58e0a elementor-widget-divider--view-line_text elementor-widget-divider--element-align-left elementor-hidden-desktop elementor-widget elementor-widget-divider\" data-id=\"1d58e0a\" data-element_type=\"widget\" data-widget_type=\"divider.default\">\n\t\t\t\t<div class=\"elementor-widget-container\">\n\t\t\t\t\t\t\t<div class=\"elementor-divider\">\n\t\t\t<span class=\"elementor-divider-separator\">\n\t\t\t\t\t\t<\/span>\n\t\t<\/div>\n\t\t\t\t\t\t<\/div>\n\t\t\t\t<\/div>\n\t\t\t\t\t<\/div>\n\t\t<\/div>\n\t\t\t\t\t<\/div>\n\t\t<\/section>\n\t\t\t\t<section class=\"elementor-section elementor-top-section elementor-element elementor-element-b481a8c elementor-section-boxed elementor-section-height-default elementor-section-height-default\" data-id=\"b481a8c\" data-element_type=\"section\">\n\t\t\t\t\t\t<div class=\"elementor-container elementor-column-gap-default\">\n\t\t\t\t\t<div class=\"elementor-column elementor-col-100 elementor-top-column elementor-element elementor-element-cd9ed65\" data-id=\"cd9ed65\" data-element_type=\"column\">\n\t\t\t<div class=\"elementor-widget-wrap\">\n\t\t\t\t\t\t\t<\/div>\n\t\t<\/div>\n\t\t\t\t\t<\/div>\n\t\t<\/section>\n\t\t\t\t<section class=\"elementor-section elementor-top-section elementor-element elementor-element-acvgdal elementor-section-content-middle elementor-section-boxed elementor-section-height-default elementor-section-height-default\" data-id=\"acvgdal\" data-element_type=\"section\" data-settings=\"{&quot;background_background&quot;:&quot;classic&quot;}\">\n\t\t\t\t\t\t\t<div class=\"elementor-background-overlay\"><\/div>\n\t\t\t\t\t\t\t<div class=\"elementor-container elementor-column-gap-no\">\n\t\t\t\t\t<div class=\"elementor-column elementor-col-100 elementor-top-column elementor-element elementor-element-8956963\" data-id=\"8956963\" data-element_type=\"column\">\n\t\t\t<div class=\"elementor-widget-wrap elementor-element-populated\">\n\t\t\t\t\t\t<div class=\"elementor-element elementor-element-4e9cf2f elementor-align-center elementor-widget elementor-widget-button\" data-id=\"4e9cf2f\" data-element_type=\"widget\" data-widget_type=\"button.default\">\n\t\t\t\t<div class=\"elementor-widget-container\">\n\t\t\t\t\t\t\t\t\t<div class=\"elementor-button-wrapper\">\n\t\t\t\t\t<a class=\"elementor-button elementor-button-link elementor-size-lg\" href=\"http:\/\/shop.co-roasting.com\" target=\"_blank\">\n\t\t\t\t\t\t<span class=\"elementor-button-content-wrapper\">\n\t\t\t\t\t\t\t\t\t<span class=\"elementor-button-text\">D\u00c9COUVREZ ICI LES CAF\u00c9S DE NOS MEMBRES<\/span>\n\t\t\t\t\t<\/span>\n\t\t\t\t\t<\/a>\n\t\t\t\t<\/div>\n\t\t\t\t\t\t\t\t<\/div>\n\t\t\t\t<\/div>\n\t\t\t\t\t<\/div>\n\t\t<\/div>\n\t\t\t\t\t<\/div>\n\t\t<\/section>\n\t\t\t\t<section class=\"elementor-section elementor-top-section elementor-element elementor-element-23ff64f elementor-section-content-middle elementor-section-boxed elementor-section-height-default elementor-section-height-default\" data-id=\"23ff64f\" data-element_type=\"section\" data-settings=\"{&quot;background_background&quot;:&quot;classic&quot;}\">\n\t\t\t\t\t\t\t<div class=\"elementor-background-overlay\"><\/div>\n\t\t\t\t\t\t\t<div class=\"elementor-container elementor-column-gap-no\">\n\t\t\t\t\t<div class=\"elementor-column elementor-col-100 elementor-top-column elementor-element elementor-element-d4dc2fd\" data-id=\"d4dc2fd\" data-element_type=\"column\">\n\t\t\t<div class=\"elementor-widget-wrap elementor-element-populated\">\n\t\t\t\t\t\t\t<\/div>\n\t\t<\/div>\n\t\t\t\t\t<\/div>\n\t\t<\/section>\n\t\t\t\t<\/div>\n\t\t","protected":false},"excerpt":{"rendered":"<p>Co-Roasting\u00ae &#8211; Communaut\u00e9 Torr\u00e9faction Collaborative e-boutique E-BOUTIQUE E-BOUTIQUE Co-Roasting\u00ae E-BOUTIQUE Co-Roasting\u00ae D\u00c9COUVREZ ICI LES CAF\u00c9S DE NOS MEMBRES<\/p>\n","protected":false},"author":1,"featured_media":0,"parent":0,"menu_order":0,"comment_status":"closed","ping_status":"closed","template":"","meta":{"site-sidebar-layout":"no-sidebar","site-content-layout":"page-builder","ast-site-content-layout":"full-width-container","site-content-style":"unboxed","site-sidebar-style":"unboxed","ast-global-header-display":"","ast-banner-title-visibility":"","ast-main-header-display":"","ast-hfb-above-header-display":"","ast-hfb-below-header-display":"","ast-hfb-mobile-header-display":"","site-post-title":"disabled","ast-breadcrumbs-content":"","ast-featured-img":"disabled","footer-sml-layout":"","ast-disable-related-posts":"","theme-transparent-header-meta":"enabled","adv-header-id-meta":"","stick-header-meta":"","header-above-stick-meta":"","header-main-stick-meta":"","header-below-stick-meta":"","astra-migrate-meta-layouts":"set","ast-page-background-enabled":"default","ast-page-background-meta":{"desktop":{"background-color":"","background-image":"","background-repeat":"repeat","background-position":"center center","background-size":"auto","background-attachment":"scroll","background-type":"","background-media":"","overlay-type":"","overlay-color":"","overlay-opacity":"","overlay-gradient":""},"tablet":{"background-color":"","background-image":"","background-repeat":"repeat","background-position":"center center","background-size":"auto","background-attachment":"scroll","background-type":"","background-media":"","overlay-type":"","overlay-color":"","overlay-opacity":"","overlay-gradient":""},"mobile":{"background-color":"","background-image":"","background-repeat":"repeat","background-position":"center center","background-size":"auto","background-attachment":"scroll","background-type":"","background-media":"","overlay-type":"","overlay-color":"","overlay-opacity":"","overlay-gradient":""}},"ast-content-background-meta":{"desktop":{"background-color":"var(--ast-global-color-5)","background-image":"","background-repeat":"repeat","background-position":"center center","background-size":"auto","background-attachment":"scroll","background-type":"","background-media":"","overlay-type":"","overlay-color":"","overlay-opacity":"","overlay-gradient":""},"tablet":{"background-color":"var(--ast-global-color-5)","background-image":"","background-repeat":"repeat","background-position":"center center","background-size":"auto","background-attachment":"scroll","background-type":"","background-media":"","overlay-type":"","overlay-color":"","overlay-opacity":"","overlay-gradient":""},"mobile":{"background-color":"var(--ast-global-color-5)","background-image":"","background-repeat":"repeat","background-position":"center center","background-size":"auto","background-attachment":"scroll","background-type":"","background-media":"","overlay-type":"","overlay-color":"","overlay-opacity":"","overlay-gradient":""}},"footnotes":""},"class_list":["post-1249","page","type-page","status-publish","hentry"],"yoast_head":"<!-- This site is optimized with the Yoast SEO plugin v26.8 - https:\/\/yoast.com\/product\/yoast-seo-wordpress\/ -->\n<title>Co-Roasting\u00ae - E-Boutique<\/title>\n<meta name=\"description\" content=\"D\u00e9couvrir, soutenir et acheter les caf\u00e9s de membres de notre communaut\u00e9.\" \/>\n<meta name=\"robots\" content=\"index, follow, max-snippet:-1, max-image-preview:large, max-video-preview:-1\" \/>\n<link rel=\"canonical\" href=\"https:\/\/www.co-roasting.com\/index.php\/decouvrir-les-cafes\/\" \/>\n<meta property=\"og:locale\" content=\"fr_FR\" \/>\n<meta property=\"og:type\" content=\"article\" \/>\n<meta property=\"og:title\" content=\"Co-Roasting\u00ae - E-Boutique\" \/>\n<meta property=\"og:description\" content=\"D\u00e9couvrir, soutenir et acheter les caf\u00e9s de membres de notre communaut\u00e9.\" \/>\n<meta property=\"og:url\" content=\"https:\/\/www.co-roasting.com\/index.php\/decouvrir-les-cafes\/\" \/>\n<meta property=\"og:site_name\" content=\"Co-Roasting\u00ae\" \/>\n<meta property=\"article:modified_time\" content=\"2023-08-17T15:07:01+00:00\" \/>\n<meta name=\"twitter:card\" content=\"summary_large_image\" \/>\n<meta name=\"twitter:label1\" content=\"Dur\u00e9e de lecture estim\u00e9e\" \/>\n\t<meta name=\"twitter:data1\" content=\"1 minute\" \/>\n<script type=\"application\/ld+json\" class=\"yoast-schema-graph\">{\"@context\":\"https:\/\/schema.org\",\"@graph\":[{\"@type\":\"WebPage\",\"@id\":\"https:\/\/www.co-roasting.com\/index.php\/decouvrir-les-cafes\/\",\"url\":\"https:\/\/www.co-roasting.com\/index.php\/decouvrir-les-cafes\/\",\"name\":\"Co-Roasting\u00ae - E-Boutique\",\"isPartOf\":{\"@id\":\"https:\/\/www.co-roasting.com\/#website\"},\"datePublished\":\"2023-07-15T13:54:28+00:00\",\"dateModified\":\"2023-08-17T15:07:01+00:00\",\"description\":\"D\u00e9couvrir, soutenir et acheter les caf\u00e9s de membres de notre communaut\u00e9.\",\"breadcrumb\":{\"@id\":\"https:\/\/www.co-roasting.com\/index.php\/decouvrir-les-cafes\/#breadcrumb\"},\"inLanguage\":\"fr-FR\",\"potentialAction\":[{\"@type\":\"ReadAction\",\"target\":[\"https:\/\/www.co-roasting.com\/index.php\/decouvrir-les-cafes\/\"]}]},{\"@type\":\"BreadcrumbList\",\"@id\":\"https:\/\/www.co-roasting.com\/index.php\/decouvrir-les-cafes\/#breadcrumb\",\"itemListElement\":[{\"@type\":\"ListItem\",\"position\":1,\"name\":\"Accueil\",\"item\":\"https:\/\/www.co-roasting.com\/\"},{\"@type\":\"ListItem\",\"position\":2,\"name\":\"E-Boutique\"}]},{\"@type\":\"WebSite\",\"@id\":\"https:\/\/www.co-roasting.com\/#website\",\"url\":\"https:\/\/www.co-roasting.com\/\",\"name\":\"Co-Roasting\u00ae\",\"description\":\"Communaut\u00e9 Torr\u00e9faction Collaborative\u200b\",\"publisher\":{\"@id\":\"https:\/\/www.co-roasting.com\/#organization\"},\"potentialAction\":[{\"@type\":\"SearchAction\",\"target\":{\"@type\":\"EntryPoint\",\"urlTemplate\":\"https:\/\/www.co-roasting.com\/?s={search_term_string}\"},\"query-input\":{\"@type\":\"PropertyValueSpecification\",\"valueRequired\":true,\"valueName\":\"search_term_string\"}}],\"inLanguage\":\"fr-FR\"},{\"@type\":\"Organization\",\"@id\":\"https:\/\/www.co-roasting.com\/#organization\",\"name\":\"Co-Roasting\u00ae\",\"url\":\"https:\/\/www.co-roasting.com\/\",\"logo\":{\"@type\":\"ImageObject\",\"inLanguage\":\"fr-FR\",\"@id\":\"https:\/\/www.co-roasting.com\/#\/schema\/logo\/image\/\",\"url\":\"https:\/\/www.co-roasting.com\/wp-content\/uploads\/2022\/09\/logo_fav_co-roasting.png\",\"contentUrl\":\"https:\/\/www.co-roasting.com\/wp-content\/uploads\/2022\/09\/logo_fav_co-roasting.png\",\"width\":512,\"height\":512,\"caption\":\"Co-Roasting\u00ae\"},\"image\":{\"@id\":\"https:\/\/www.co-roasting.com\/#\/schema\/logo\/image\/\"},\"sameAs\":[\"https:\/\/www.instagram.com\/co.roasting\/\",\"https:\/\/www.linkedin.com\/company\/co-roasting\/\"]}]}<\/script>\n<!-- \/ Yoast SEO plugin. -->","yoast_head_json":{"title":"Co-Roasting\u00ae - E-Boutique","description":"D\u00e9couvrir, soutenir et acheter les caf\u00e9s de membres de notre communaut\u00e9.","robots":{"index":"index","follow":"follow","max-snippet":"max-snippet:-1","max-image-preview":"max-image-preview:large","max-video-preview":"max-video-preview:-1"},"canonical":"https:\/\/www.co-roasting.com\/index.php\/decouvrir-les-cafes\/","og_locale":"fr_FR","og_type":"article","og_title":"Co-Roasting\u00ae - E-Boutique","og_description":"D\u00e9couvrir, soutenir et acheter les caf\u00e9s de membres de notre communaut\u00e9.","og_url":"https:\/\/www.co-roasting.com\/index.php\/decouvrir-les-cafes\/","og_site_name":"Co-Roasting\u00ae","article_modified_time":"2023-08-17T15:07:01+00:00","twitter_card":"summary_large_image","twitter_misc":{"Dur\u00e9e de lecture estim\u00e9e":"1 minute"},"schema":{"@context":"https:\/\/schema.org","@graph":[{"@type":"WebPage","@id":"https:\/\/www.co-roasting.com\/index.php\/decouvrir-les-cafes\/","url":"https:\/\/www.co-roasting.com\/index.php\/decouvrir-les-cafes\/","name":"Co-Roasting\u00ae - E-Boutique","isPartOf":{"@id":"https:\/\/www.co-roasting.com\/#website"},"datePublished":"2023-07-15T13:54:28+00:00","dateModified":"2023-08-17T15:07:01+00:00","description":"D\u00e9couvrir, soutenir et acheter les caf\u00e9s de membres de notre communaut\u00e9.","breadcrumb":{"@id":"https:\/\/www.co-roasting.com\/index.php\/decouvrir-les-cafes\/#breadcrumb"},"inLanguage":"fr-FR","potentialAction":[{"@type":"ReadAction","target":["https:\/\/www.co-roasting.com\/index.php\/decouvrir-les-cafes\/"]}]},{"@type":"BreadcrumbList","@id":"https:\/\/www.co-roasting.com\/index.php\/decouvrir-les-cafes\/#breadcrumb","itemListElement":[{"@type":"ListItem","position":1,"name":"Accueil","item":"https:\/\/www.co-roasting.com\/"},{"@type":"ListItem","position":2,"name":"E-Boutique"}]},{"@type":"WebSite","@id":"https:\/\/www.co-roasting.com\/#website","url":"https:\/\/www.co-roasting.com\/","name":"Co-Roasting\u00ae","description":"Communaut\u00e9 Torr\u00e9faction Collaborative\u200b","publisher":{"@id":"https:\/\/www.co-roasting.com\/#organization"},"potentialAction":[{"@type":"SearchAction","target":{"@type":"EntryPoint","urlTemplate":"https:\/\/www.co-roasting.com\/?s={search_term_string}"},"query-input":{"@type":"PropertyValueSpecification","valueRequired":true,"valueName":"search_term_string"}}],"inLanguage":"fr-FR"},{"@type":"Organization","@id":"https:\/\/www.co-roasting.com\/#organization","name":"Co-Roasting\u00ae","url":"https:\/\/www.co-roasting.com\/","logo":{"@type":"ImageObject","inLanguage":"fr-FR","@id":"https:\/\/www.co-roasting.com\/#\/schema\/logo\/image\/","url":"https:\/\/www.co-roasting.com\/wp-content\/uploads\/2022\/09\/logo_fav_co-roasting.png","contentUrl":"https:\/\/www.co-roasting.com\/wp-content\/uploads\/2022\/09\/logo_fav_co-roasting.png","width":512,"height":512,"caption":"Co-Roasting\u00ae"},"image":{"@id":"https:\/\/www.co-roasting.com\/#\/schema\/logo\/image\/"},"sameAs":["https:\/\/www.instagram.com\/co.roasting\/","https:\/\/www.linkedin.com\/company\/co-roasting\/"]}]}},"_links":{"self":[{"href":"https:\/\/www.co-roasting.com\/index.php\/wp-json\/wp\/v2\/pages\/1249","targetHints":{"allow":["GET"]}}],"collection":[{"href":"https:\/\/www.co-roasting.com\/index.php\/wp-json\/wp\/v2\/pages"}],"about":[{"href":"https:\/\/www.co-roasting.com\/index.php\/wp-json\/wp\/v2\/types\/page"}],"author":[{"embeddable":true,"href":"https:\/\/www.co-roasting.com\/index.php\/wp-json\/wp\/v2\/users\/1"}],"replies":[{"embeddable":true,"href":"https:\/\/www.co-roasting.com\/index.php\/wp-json\/wp\/v2\/comments?post=1249"}],"version-history":[{"count":50,"href":"https:\/\/www.co-roasting.com\/index.php\/wp-json\/wp\/v2\/pages\/1249\/revisions"}],"predecessor-version":[{"id":1339,"href":"https:\/\/www.co-roasting.com\/index.php\/wp-json\/wp\/v2\/pages\/1249\/revisions\/1339"}],"wp:attachment":[{"href":"https:\/\/www.co-roasting.com\/index.php\/wp-json\/wp\/v2\/media?parent=1249"}],"curies":[{"name":"wp","href":"https:\/\/api.w.org\/{rel}","templated":true}]}}